{"id":4982,"date":"2019-03-20T16:38:25","date_gmt":"2019-03-20T16:38:25","guid":{"rendered":"http:\/\/localhost\/wp\/cerato\/?page_id=4982"},"modified":"2024-10-09T18:28:08","modified_gmt":"2024-10-09T15:28:08","slug":"blog","status":"publish","type":"page","link":"https:\/\/robussmart.com\/index.php\/blog\/","title":{"rendered":"Blog"},"content":{"rendered":"\t\t<div data-elementor-type=\"wp-post\" data-elementor-id=\"4982\" class=\"elementor elementor-4982\" data-elementor-post-type=\"page\">\n\t\t\t\t\t\t<section class=\"elementor-section elementor-top-section elementor-element elementor-element-aa0722b elementor-section-boxed elementor-section-height-default elementor-section-height-default\" data-id=\"aa0722b\" data-element_type=\"section\">\n\t\t\t\t\t\t<div class=\"elementor-container elementor-column-gap-default\">\n\t\t\t\t\t<div class=\"elementor-column elementor-col-100 elementor-top-column elementor-element elementor-element-0ce9558\" data-id=\"0ce9558\" data-element_type=\"column\">\n\t\t\t<div class=\"elementor-widget-wrap elementor-element-populated\">\n\t\t\t\t\t\t<div class=\"elementor-element elementor-element-d571cee elementor-widget elementor-widget-clever-posts\" data-id=\"d571cee\" data-element_type=\"widget\" data-settings=\"{&quot;col&quot;:&quot;3&quot;,&quot;col_tablet&quot;:&quot;1&quot;,&quot;col_mobile&quot;:&quot;1&quot;}\" data-widget_type=\"clever-posts.default\">\n\t\t\t\t<div class=\"elementor-widget-container\">\n\t\t\t    <div class=\"cafe-posts grid-layout cafe-row cafe-grid-lg-3-cols cafe-grid-md-1-cols cafe-grid-1-cols default \" >\n                        <article id=\"post-2242\" class=\"cafe-post-item post-loop-item grid-layout-item cafe-col post-2242 post type-post status-publish format-standard has-post-thumbnail hentry category-blog tag-brooklyn tag-fashion tag-style tag-women\">\n                                                        <div class=\"wrap-media\">\n                                                                                <a href=\"https:\/\/robussmart.com\/index.php\/2020\/01\/02\/black-shark-red-magic-vs-mainstream-flagships-4\/\" title=\"Black Shark, Red Magic vs mainstream flagships\">\n                                            <img fetchpriority=\"high\" decoding=\"async\" width=\"992\" height=\"465\" src=\"https:\/\/robussmart.com\/wp-content\/uploads\/2020\/01\/1-1024x480.webp\" class=\"attachment-large size-large wp-post-image\" alt=\"\" srcset=\"https:\/\/robussmart.com\/wp-content\/uploads\/2020\/01\/1-1024x480.webp 1024w, https:\/\/robussmart.com\/wp-content\/uploads\/2020\/01\/1-300x141.webp 300w, https:\/\/robussmart.com\/wp-content\/uploads\/2020\/01\/1-768x360.webp 768w, https:\/\/robussmart.com\/wp-content\/uploads\/2020\/01\/1-1536x720.webp 1536w, https:\/\/robussmart.com\/wp-content\/uploads\/2020\/01\/1-120x56.webp 120w, https:\/\/robussmart.com\/wp-content\/uploads\/2020\/01\/1-800x375.webp 800w, https:\/\/robussmart.com\/wp-content\/uploads\/2020\/01\/1.webp 1920w\" sizes=\"(max-width: 992px) 100vw, 992px\" \/>                                        <\/a>\n                                    <\/div>\n                                                                    <div class=\"wrap-post-item-content\">\n                                    <h3 class=\"entry-title title-post\"><a href=\"https:\/\/robussmart.com\/index.php\/2020\/01\/02\/black-shark-red-magic-vs-mainstream-flagships-4\/\" rel=\"bookmark\">Black Shark, Red Magic vs mainstream flagships<\/a><\/h3>                                    <ul class=\"post-info\">\n                                                                                    <li class=\"post-date\">\n                                                                                                    <i class=\"cs-font clever-icon-clock-4\"><\/i>\n                                                2 Ocak 2020                                            <\/li>\n                                                                            <\/ul>\n                                                                            <div class=\"entry-content\">\n                                            The Apple Watch and Microsoft Band use optical sensors to measure heart rate. The Jawbone Up3, which instead...                                        <\/div>\n                                                                            <a href=\"https:\/\/robussmart.com\/index.php\/2020\/01\/02\/black-shark-red-magic-vs-mainstream-flagships-4\/\" class=\"readmore\">Devam\u0131n\u0131 G\u00f6r<\/a>\n                                                                    <\/div>\n                                                <\/article>\n                        <article id=\"post-5136\" class=\"cafe-post-item post-loop-item grid-layout-item cafe-col post-5136 post type-post status-publish format-standard has-post-thumbnail hentry category-blog tag-builder tag-business tag-computer\">\n                                                        <div class=\"wrap-media\">\n                                                                                <a href=\"https:\/\/robussmart.com\/index.php\/2019\/04\/22\/7-smart-strategies-to-help-you\/\" title=\"7 Smart Strategies to Help You\">\n                                            <img decoding=\"async\" width=\"992\" height=\"662\" src=\"https:\/\/robussmart.com\/wp-content\/uploads\/2019\/04\/2-1024x683.jpeg\" class=\"attachment-large size-large wp-post-image\" alt=\"\" srcset=\"https:\/\/robussmart.com\/wp-content\/uploads\/2019\/04\/2-1024x683.jpeg 1024w, https:\/\/robussmart.com\/wp-content\/uploads\/2019\/04\/2-300x200.jpeg 300w, https:\/\/robussmart.com\/wp-content\/uploads\/2019\/04\/2-768x512.jpeg 768w, https:\/\/robussmart.com\/wp-content\/uploads\/2019\/04\/2-1536x1024.jpeg 1536w, https:\/\/robussmart.com\/wp-content\/uploads\/2019\/04\/2-2048x1365.jpeg 2048w, https:\/\/robussmart.com\/wp-content\/uploads\/2019\/04\/2-120x80.jpeg 120w, https:\/\/robussmart.com\/wp-content\/uploads\/2019\/04\/2-800x533.jpeg 800w\" sizes=\"(max-width: 992px) 100vw, 992px\" \/>                                        <\/a>\n                                    <\/div>\n                                                                    <div class=\"wrap-post-item-content\">\n                                    <h3 class=\"entry-title title-post\"><a href=\"https:\/\/robussmart.com\/index.php\/2019\/04\/22\/7-smart-strategies-to-help-you\/\" rel=\"bookmark\">7 Smart Strategies to Help You<\/a><\/h3>                                    <ul class=\"post-info\">\n                                                                                    <li class=\"post-date\">\n                                                                                                    <i class=\"cs-font clever-icon-clock-4\"><\/i>\n                                                22 Nisan 2019                                            <\/li>\n                                                                            <\/ul>\n                                                                            <div class=\"entry-content\">\n                                            When it comes to gender equality in the tech industry, the numbers probably won\u2019t surprise you. Only\u00a017% of...                                        <\/div>\n                                                                            <a href=\"https:\/\/robussmart.com\/index.php\/2019\/04\/22\/7-smart-strategies-to-help-you\/\" class=\"readmore\">Devam\u0131n\u0131 G\u00f6r<\/a>\n                                                                    <\/div>\n                                                <\/article>\n                        <article id=\"post-5134\" class=\"cafe-post-item post-loop-item grid-layout-item cafe-col post-5134 post type-post status-publish format-standard has-post-thumbnail hentry category-blog tag-builder tag-business tag-computer\">\n                                                        <div class=\"wrap-media\">\n                                                                                    <span class=\"sticky-post-label\"><i class=\"cs-font clever-icon-light\"><\/i> Featured<\/span>\n                                                                                <a href=\"https:\/\/robussmart.com\/index.php\/2019\/04\/22\/heres-all-the-fashion-news-you-missed-this-week\/\" title=\"Here\u2019s All The Fashion News You Missed This Week\">\n                                            <img decoding=\"async\" width=\"992\" height=\"631\" src=\"https:\/\/robussmart.com\/wp-content\/uploads\/2019\/04\/3-1024x651.jpeg\" class=\"attachment-large size-large wp-post-image\" alt=\"\" srcset=\"https:\/\/robussmart.com\/wp-content\/uploads\/2019\/04\/3-1024x651.jpeg 1024w, https:\/\/robussmart.com\/wp-content\/uploads\/2019\/04\/3-300x191.jpeg 300w, https:\/\/robussmart.com\/wp-content\/uploads\/2019\/04\/3-768x488.jpeg 768w, https:\/\/robussmart.com\/wp-content\/uploads\/2019\/04\/3-120x76.jpeg 120w, https:\/\/robussmart.com\/wp-content\/uploads\/2019\/04\/3-800x508.jpeg 800w, https:\/\/robussmart.com\/wp-content\/uploads\/2019\/04\/3.jpeg 1500w\" sizes=\"(max-width: 992px) 100vw, 992px\" \/>                                        <\/a>\n                                    <\/div>\n                                                                    <div class=\"wrap-post-item-content\">\n                                    <h3 class=\"entry-title title-post\"><a href=\"https:\/\/robussmart.com\/index.php\/2019\/04\/22\/heres-all-the-fashion-news-you-missed-this-week\/\" rel=\"bookmark\">Here\u2019s All The Fashion News You Missed This Week<\/a><\/h3>                                    <ul class=\"post-info\">\n                                                                                    <li class=\"post-date\">\n                                                                                                    <i class=\"cs-font clever-icon-clock-4\"><\/i>\n                                                22 Nisan 2019                                            <\/li>\n                                                                            <\/ul>\n                                                                            <div class=\"entry-content\">\n                                            If there were more tech companies led by women, I truly believe it would change the way women...                                        <\/div>\n                                                                            <a href=\"https:\/\/robussmart.com\/index.php\/2019\/04\/22\/heres-all-the-fashion-news-you-missed-this-week\/\" class=\"readmore\">Devam\u0131n\u0131 G\u00f6r<\/a>\n                                                                    <\/div>\n                                                <\/article>\n                        <article id=\"post-5132\" class=\"cafe-post-item post-loop-item grid-layout-item cafe-col post-5132 post type-post status-publish format-standard has-post-thumbnail hentry category-blog tag-business tag-computer tag-ecommerce\">\n                                                        <div class=\"wrap-media\">\n                                                                                <a href=\"https:\/\/robussmart.com\/index.php\/2019\/04\/22\/the-10-coolest-suitcases-for-holiday-travel\/\" title=\"The 10 Coolest Suitcases for Holiday Travel\">\n                                            <img loading=\"lazy\" decoding=\"async\" width=\"992\" height=\"690\" src=\"https:\/\/robussmart.com\/wp-content\/uploads\/2019\/04\/4-1024x712.png\" class=\"attachment-large size-large wp-post-image\" alt=\"\" srcset=\"https:\/\/robussmart.com\/wp-content\/uploads\/2019\/04\/4-1024x712.png 1024w, https:\/\/robussmart.com\/wp-content\/uploads\/2019\/04\/4-300x208.png 300w, https:\/\/robussmart.com\/wp-content\/uploads\/2019\/04\/4-768x534.png 768w, https:\/\/robussmart.com\/wp-content\/uploads\/2019\/04\/4-1536x1067.png 1536w, https:\/\/robussmart.com\/wp-content\/uploads\/2019\/04\/4-120x83.png 120w, https:\/\/robussmart.com\/wp-content\/uploads\/2019\/04\/4-800x556.png 800w, https:\/\/robussmart.com\/wp-content\/uploads\/2019\/04\/4.png 1554w\" sizes=\"(max-width: 992px) 100vw, 992px\" \/>                                        <\/a>\n                                    <\/div>\n                                                                    <div class=\"wrap-post-item-content\">\n                                    <h3 class=\"entry-title title-post\"><a href=\"https:\/\/robussmart.com\/index.php\/2019\/04\/22\/the-10-coolest-suitcases-for-holiday-travel\/\" rel=\"bookmark\">The 10 Coolest Suitcases for Holiday Travel<\/a><\/h3>                                    <ul class=\"post-info\">\n                                                                                    <li class=\"post-date\">\n                                                                                                    <i class=\"cs-font clever-icon-clock-4\"><\/i>\n                                                22 Nisan 2019                                            <\/li>\n                                                                            <\/ul>\n                                                                            <div class=\"entry-content\">\n                                            The Apple Watch and Microsoft Band use optical sensors to measure heart rate.\u00a0The Jawbone Up3,\u00a0which instead tracks your...                                        <\/div>\n                                                                            <a href=\"https:\/\/robussmart.com\/index.php\/2019\/04\/22\/the-10-coolest-suitcases-for-holiday-travel\/\" class=\"readmore\">Devam\u0131n\u0131 G\u00f6r<\/a>\n                                                                    <\/div>\n                                                <\/article>\n                        <article id=\"post-5130\" class=\"cafe-post-item post-loop-item grid-layout-item cafe-col post-5130 post type-post status-publish format-audio has-post-thumbnail hentry category-blog tag-modern tag-swatches tag-woocommerce post_format-post-format-audio\">\n                                                        <div class=\"wrap-media\">\n                                                                                <a href=\"https:\/\/robussmart.com\/index.php\/2019\/04\/22\/audio-post-format\/\" title=\"Audio Post Format\">\n                                            <img loading=\"lazy\" decoding=\"async\" width=\"992\" height=\"668\" src=\"https:\/\/robussmart.com\/wp-content\/uploads\/2019\/04\/5-1024x690.jpg\" class=\"attachment-large size-large wp-post-image\" alt=\"\" srcset=\"https:\/\/robussmart.com\/wp-content\/uploads\/2019\/04\/5-1024x690.jpg 1024w, https:\/\/robussmart.com\/wp-content\/uploads\/2019\/04\/5-300x202.jpg 300w, https:\/\/robussmart.com\/wp-content\/uploads\/2019\/04\/5-768x518.jpg 768w, https:\/\/robussmart.com\/wp-content\/uploads\/2019\/04\/5-120x81.jpg 120w, https:\/\/robussmart.com\/wp-content\/uploads\/2019\/04\/5-800x539.jpg 800w, https:\/\/robussmart.com\/wp-content\/uploads\/2019\/04\/5.jpg 1363w\" sizes=\"(max-width: 992px) 100vw, 992px\" \/>                                        <\/a>\n                                    <\/div>\n                                                                    <div class=\"wrap-post-item-content\">\n                                    <h3 class=\"entry-title title-post\"><a href=\"https:\/\/robussmart.com\/index.php\/2019\/04\/22\/audio-post-format\/\" rel=\"bookmark\">Audio Post Format<\/a><\/h3>                                    <ul class=\"post-info\">\n                                                                                    <li class=\"post-date\">\n                                                                                                    <i class=\"cs-font clever-icon-clock-4\"><\/i>\n                                                22 Nisan 2019                                            <\/li>\n                                                                            <\/ul>\n                                                                            <div class=\"entry-content\">\n                                            The temperature in your bedroom is perfect. Your blackout curtains have been drawn shut. And you\u2019ve just finished...                                        <\/div>\n                                                                            <a href=\"https:\/\/robussmart.com\/index.php\/2019\/04\/22\/audio-post-format\/\" class=\"readmore\">Devam\u0131n\u0131 G\u00f6r<\/a>\n                                                                    <\/div>\n                                                <\/article>\n            <\/div>\n\t\t<\/div>\n\t\t\t\t<\/div>\n\t\t\t\t\t<\/div>\n\t\t<\/div>\n\t\t\t\t\t<\/div>\n\t\t<\/section>\n\t\t\t\t<\/div>\n\t\t","protected":false},"excerpt":{"rendered":"<p>Featured Everything That Upset the Internet This Week April 22, 2019 When it comes to gender equality in the tech industry, the numbers probably won\u2019t surprise you. Only\u00a017% of&#8230; Read&#8230;<\/p>\n","protected":false},"author":1,"featured_media":0,"parent":0,"menu_order":0,"comment_status":"closed","ping_status":"closed","template":"","meta":{"rank_math_lock_modified_date":false,"footnotes":""},"class_list":["post-4982","page","type-page","status-publish","hentry"],"_links":{"self":[{"href":"https:\/\/robussmart.com\/index.php\/wp-json\/wp\/v2\/pages\/4982","targetHints":{"allow":["GET"]}}],"collection":[{"href":"https:\/\/robussmart.com\/index.php\/wp-json\/wp\/v2\/pages"}],"about":[{"href":"https:\/\/robussmart.com\/index.php\/wp-json\/wp\/v2\/types\/page"}],"author":[{"embeddable":true,"href":"https:\/\/robussmart.com\/index.php\/wp-json\/wp\/v2\/users\/1"}],"replies":[{"embeddable":true,"href":"https:\/\/robussmart.com\/index.php\/wp-json\/wp\/v2\/comments?post=4982"}],"version-history":[{"count":1,"href":"https:\/\/robussmart.com\/index.php\/wp-json\/wp\/v2\/pages\/4982\/revisions"}],"predecessor-version":[{"id":10287,"href":"https:\/\/robussmart.com\/index.php\/wp-json\/wp\/v2\/pages\/4982\/revisions\/10287"}],"wp:attachment":[{"href":"https:\/\/robussmart.com\/index.php\/wp-json\/wp\/v2\/media?parent=4982"}],"curies":[{"name":"wp","href":"https:\/\/api.w.org\/{rel}","templated":true}]}}