{"id":10624,"date":"2024-09-23T10:00:44","date_gmt":"2024-09-23T07:00:44","guid":{"rendered":"https:\/\/robussmart.com\/?post_type=product&#038;p=10624"},"modified":"2024-10-09T19:01:48","modified_gmt":"2024-10-09T16:01:48","slug":"su-sistemleri","status":"publish","type":"product","link":"https:\/\/robussmart.com\/index.php\/product\/su-sistemleri\/","title":{"rendered":"Su Sistemleri"},"content":{"rendered":"","protected":false},"excerpt":{"rendered":"<p>Robus Smart Ak\u0131ll\u0131 Su Kontrol ve Y\u00f6netim Sistemi, su t\u00fcketiminizi optimize eden ve enerji tasarrufu sa\u011flayan bir \u00e7\u00f6z\u00fcm sunar. Bah\u00e7e sulama, su tesisat\u0131 takibi ve su s\u0131z\u0131nt\u0131s\u0131 tespiti gibi bir\u00e7ok i\u015flevi cep telefonunuzdan y\u00f6netebilir, su kullan\u0131m\u0131n\u0131 istedi\u011finiz \u015fekilde programlayabilirsiniz. Sistem, ya\u011fmur sens\u00f6r\u00fc ile hava durumunu takip ederek otomatik sulama i\u015flemini durdurabilir ve su israf\u0131n\u0131 engeller. Ayr\u0131ca, ani bas\u0131n\u00e7 de\u011fi\u015fikliklerinde su ka\u00e7aklar\u0131n\u0131 tespit edip sizi an\u0131nda bilgilendirir. Kolay kurulum ve kullan\u0131m \u00f6zellikleri ile evinizde ya da i\u015f yerinizde su y\u00f6netimini tamamen kontrol alt\u0131na alman\u0131z\u0131 sa\u011flar. Su tasarrufu ve g\u00fcvenli\u011fi bir arada sunan bu sistem, \u00e7evre dostu ve ekonomik bir \u00e7\u00f6z\u00fcmd\u00fcr.<\/p>\n","protected":false},"featured_media":10625,"template":"","meta":{"rank_math_lock_modified_date":false},"product_cat":[338],"product_tag":[],"class_list":{"0":"post-10624","1":"product","2":"type-product","3":"status-publish","4":"has-post-thumbnail","6":"product_cat-su-sistemleri","8":"first","9":"instock","10":"shipping-taxable","11":"product-type-simple"},"_links":{"self":[{"href":"https:\/\/robussmart.com\/index.php\/wp-json\/wp\/v2\/product\/10624","targetHints":{"allow":["GET"]}}],"collection":[{"href":"https:\/\/robussmart.com\/index.php\/wp-json\/wp\/v2\/product"}],"about":[{"href":"https:\/\/robussmart.com\/index.php\/wp-json\/wp\/v2\/types\/product"}],"wp:featuredmedia":[{"embeddable":true,"href":"https:\/\/robussmart.com\/index.php\/wp-json\/wp\/v2\/media\/10625"}],"wp:attachment":[{"href":"https:\/\/robussmart.com\/index.php\/wp-json\/wp\/v2\/media?parent=10624"}],"wp:term":[{"taxonomy":"product_cat","embeddable":true,"href":"https:\/\/robussmart.com\/index.php\/wp-json\/wp\/v2\/product_cat?post=10624"},{"taxonomy":"product_tag","embeddable":true,"href":"https:\/\/robussmart.com\/index.php\/wp-json\/wp\/v2\/product_tag?post=10624"}],"curies":[{"name":"wp","href":"https:\/\/api.w.org\/{rel}","templated":true}]}}