{"id":10640,"date":"2024-09-23T10:11:12","date_gmt":"2024-09-23T07:11:12","guid":{"rendered":"https:\/\/robussmart.com\/?post_type=product&#038;p=10640"},"modified":"2024-10-09T18:55:23","modified_gmt":"2024-10-09T15:55:23","slug":"otomatik-kapi-ve-bariyer-sistemleri","status":"publish","type":"product","link":"https:\/\/robussmart.com\/index.php\/product\/otomatik-kapi-ve-bariyer-sistemleri\/","title":{"rendered":"Otomatik Kap\u0131 ve Bariyer Sistemleri"},"content":{"rendered":"","protected":false},"excerpt":{"rendered":"<p>Robus Smart Otomatik Kap\u0131 ve Bariyer Sistemi, yo\u011fun giri\u015f-\u00e7\u0131k\u0131\u015f olan alanlar i\u00e7in g\u00fcvenlik ve kullan\u0131m kolayl\u0131\u011f\u0131 sa\u011flayan ideal bir \u00e7\u00f6z\u00fcmd\u00fcr. Y\u00fcksek performansl\u0131 motoru ve dayan\u0131kl\u0131 yap\u0131s\u0131 sayesinde kap\u0131lar ve bariyerler, uzaktan kumanda ya da mobil uygulama ile zahmetsizce kontrol edilebilir. Ara\u00e7 plaka tan\u0131ma, kartl\u0131 ge\u00e7i\u015f ve sens\u00f6rl\u00fc a\u00e7\u0131lma gibi \u00f6zelliklerle entegre \u00e7al\u0131\u015fan sistem, hem ara\u00e7 trafi\u011fini d\u00fczenler hem de g\u00fcvenli\u011fi art\u0131r\u0131r. H\u0131zl\u0131 a\u00e7\u0131lma-kapanma \u00f6zelli\u011fi ile zaman kazand\u0131r\u0131rken, acil durumlarda manuel olarak devreye girebilir. \u0130\u015f yerleri, otoparklar, siteler ve end\u00fcstriyel alanlar i\u00e7in m\u00fckemmel bir \u00e7\u00f6z\u00fcm sunan bu sistem, y\u00fcksek g\u00fcvenlik ve verimlilik sa\u011flamas\u0131yla \u00f6ne \u00e7\u0131kar.<\/p>\n","protected":false},"featured_media":10641,"template":"","meta":{"rank_math_lock_modified_date":false},"product_cat":[342],"product_tag":[],"class_list":{"0":"post-10640","1":"product","2":"type-product","3":"status-publish","4":"has-post-thumbnail","6":"product_cat-otomatik-kapi-ve-bariyer-sistemleri","8":"first","9":"instock","10":"shipping-taxable","11":"product-type-simple"},"_links":{"self":[{"href":"https:\/\/robussmart.com\/index.php\/wp-json\/wp\/v2\/product\/10640","targetHints":{"allow":["GET"]}}],"collection":[{"href":"https:\/\/robussmart.com\/index.php\/wp-json\/wp\/v2\/product"}],"about":[{"href":"https:\/\/robussmart.com\/index.php\/wp-json\/wp\/v2\/types\/product"}],"wp:featuredmedia":[{"embeddable":true,"href":"https:\/\/robussmart.com\/index.php\/wp-json\/wp\/v2\/media\/10641"}],"wp:attachment":[{"href":"https:\/\/robussmart.com\/index.php\/wp-json\/wp\/v2\/media?parent=10640"}],"wp:term":[{"taxonomy":"product_cat","embeddable":true,"href":"https:\/\/robussmart.com\/index.php\/wp-json\/wp\/v2\/product_cat?post=10640"},{"taxonomy":"product_tag","embeddable":true,"href":"https:\/\/robussmart.com\/index.php\/wp-json\/wp\/v2\/product_tag?post=10640"}],"curies":[{"name":"wp","href":"https:\/\/api.w.org\/{rel}","templated":true}]}}