{"id":10783,"date":"2025-05-28T10:01:08","date_gmt":"2025-05-28T07:01:08","guid":{"rendered":"https:\/\/robussmart.com\/?post_type=product&#038;p=10783"},"modified":"2025-05-28T10:02:19","modified_gmt":"2025-05-28T07:02:19","slug":"robus-800-s-serisi-kapi-motoru-kiti","status":"publish","type":"product","link":"https:\/\/robussmart.com\/index.php\/product\/robus-800-s-serisi-kapi-motoru-kiti\/","title":{"rendered":"Robus 800 S+ Serisi Kap\u0131 Motoru Kiti"},"content":{"rendered":"<h2>Robus 800 S+ Serisi Kap\u0131 Motoru Kiti<\/h2>\n<div id=\"tab-description\" class=\"tab-pane active\">\n<p>Robus 800 s+ Yana Kayar Bah\u00e7e Kap\u0131s\u0131 Motoru \u015eimdi\u00a0 \u00c7ok Daha H\u0131zl\u0131<\/p>\n<p>Yana kayar bah\u00e7e kap\u0131lar\u0131 \u00f6zellikle geni\u015f giri\u015fler i\u00e7in ideal korumad\u0131r. Genellikle \u00e7it boyunca tek bir ray \u00fczerinde akan tek bir kanattan olu\u015furlar. Bah\u00e7e kap\u0131lar\u0131n\u0131z i\u00e7in kullanabilece\u011finiz Robus yana kayar bah\u00e7e kap\u0131s\u0131 motorudur.<\/p>\n<p>Daha a\u011f\u0131r veya uzun kap\u0131lar\u0131n\u0131z varsa yana kayar bah\u00e7e kap\u0131s\u0131 motorlar\u0131 men\u00fcm\u00fczden daha \u00fcst modelleri de inceleyebilirsiniz.<\/p>\n<p>&nbsp;<\/p>\n<p>TEKN\u0130K \u00d6ZELL\u0130KLER:<\/p>\n<p>&nbsp;<\/p>\n<p>&#8211; G\u00fc\u00e7 Kayna\u011f\u0131:\u00a0 \u00a0AC 220V, 50Hz<\/p>\n<p>&#8211; Motor H\u0131z\u0131:\u00a0 \u00a01400 r\/dk<\/p>\n<p>&#8211; Kap\u0131 Hareket H\u0131z\u0131:\u00a0 \u00a014 m\/dk (24 di\u015f)<\/p>\n<p>&#8211; Kontrol \u00dcnitesi:\u00a0 \u00a0Elektronik<\/p>\n<p>&#8211; \u00c7\u0131k\u0131\u015f Torku:\u00a0 \u00a016 Nm<\/p>\n<p>&#8211; \u00c7al\u0131\u015fma S\u00fcresi: 90 sn<\/p>\n<p>&#8211; Limit Switch:\u00a0 \u00a0Yayl\u0131 Limit switch<\/p>\n<p>&#8211; Uzaktan Kumanda \u00c7al\u0131\u015fma Menzili:\u00a0 \u00a00-100 m<\/p>\n<p>&#8211; Frekans:\u00a0 \u00a0433,92 MHz<\/p>\n<p>&#8211; Uzaktan Kumanda:\u00a0 4 tu\u015flu<\/p>\n<p>&#8211; Otomatik Kapanma:\u00a0 \u00a05-120 sn.<\/p>\n<p>&#8211; G\u00fcr\u00fclt\u00fc:\u00a0 \u226460 dB<\/p>\n<p>&#8211; Ortam S\u0131cakl\u0131\u011f\u0131:\u00a0 \u00a0-10\u2103\u00a0~\u00a0+50\u2103<\/p>\n<p>&nbsp;<\/p>\n<p>K\u0130T \u0130\u00c7ER\u0130\u011e\u0130:<\/p>\n<p>&nbsp;<\/p>\n<p>&#8211; 1 Adet Robus\u00a0Kap\u0131 Motoru<\/p>\n<p>&#8211; 1 Adet Robus Fla\u015f\u00f6rl\u00fc Emniyet Fotoseli<\/p>\n<p>&#8211; 2 Adet\u00a0Uzaktan Kumanda<\/p>\n<p>&#8211; 4 Metre Kramayer Kap\u0131 Di\u015flisi<\/p>\n<\/div>\n","protected":false},"excerpt":{"rendered":"<p>Robus 800 S+ Serisi Kap\u0131 Motoru Kiti Robus 800 s+ Yana Kayar Bah\u00e7e Kap\u0131s\u0131 Motoru \u015eimdi\u00a0 \u00c7ok Daha H\u0131zl\u0131 Yana kayar bah\u00e7e kap\u0131lar\u0131 \u00f6zellikle geni\u015f giri\u015fler i\u00e7in ideal korumad\u0131r. Genellikle&#8230;<\/p>\n","protected":false},"featured_media":10784,"template":"","meta":{"rank_math_lock_modified_date":false},"product_cat":[15,342],"product_tag":[],"class_list":{"0":"post-10783","1":"product","2":"type-product","3":"status-publish","4":"has-post-thumbnail","6":"product_cat-uncategorized","7":"product_cat-otomatik-kapi-ve-bariyer-sistemleri","9":"first","10":"instock","11":"shipping-taxable","12":"product-type-simple"},"_links":{"self":[{"href":"https:\/\/robussmart.com\/index.php\/wp-json\/wp\/v2\/product\/10783","targetHints":{"allow":["GET"]}}],"collection":[{"href":"https:\/\/robussmart.com\/index.php\/wp-json\/wp\/v2\/product"}],"about":[{"href":"https:\/\/robussmart.com\/index.php\/wp-json\/wp\/v2\/types\/product"}],"wp:featuredmedia":[{"embeddable":true,"href":"https:\/\/robussmart.com\/index.php\/wp-json\/wp\/v2\/media\/10784"}],"wp:attachment":[{"href":"https:\/\/robussmart.com\/index.php\/wp-json\/wp\/v2\/media?parent=10783"}],"wp:term":[{"taxonomy":"product_cat","embeddable":true,"href":"https:\/\/robussmart.com\/index.php\/wp-json\/wp\/v2\/product_cat?post=10783"},{"taxonomy":"product_tag","embeddable":true,"href":"https:\/\/robussmart.com\/index.php\/wp-json\/wp\/v2\/product_tag?post=10783"}],"curies":[{"name":"wp","href":"https:\/\/api.w.org\/{rel}","templated":true}]}}