{"id":10785,"date":"2025-05-28T10:12:16","date_gmt":"2025-05-28T07:12:16","guid":{"rendered":"https:\/\/robussmart.com\/?post_type=product&#038;p=10785"},"modified":"2025-05-28T10:12:16","modified_gmt":"2025-05-28T07:12:16","slug":"robus-f-serisi-800-kg-smart-kapi-motoru-kiti","status":"publish","type":"product","link":"https:\/\/robussmart.com\/index.php\/product\/robus-f-serisi-800-kg-smart-kapi-motoru-kiti\/","title":{"rendered":"Robus F Serisi 800 Kg Smart Kap\u0131 Motoru Kiti"},"content":{"rendered":"<p>Robus F Serisi Yana Kayar Bah\u00e7e Kap\u0131s\u0131 Motoru \u00c7ok Dayan\u0131kl\u0131 ve Kuvvetli<\/p>\n<p>Robus Smart Ak\u0131ll\u0131 Kap\u0131 Motoru<\/p>\n<p>Wifi \u00fczerinden kontrol l\u00fc Kumanda yetkilendirme ve bir \u00e7ok \u00f6zellik bulut server \u00fczerinden h\u0131zl\u0131 ve g\u00fcvenli kontrol di\u011fer sistemlerle entegre \u00f6rne\u011fin garaja girdi\u011finizde uygun mod\u00fcl kullan\u0131rsan\u0131z \u0131\u015f\u0131klar\u0131n\u0131z 5 dakika yan\u0131p sonra otomatik s\u00f6nebilir.<\/p>\n<p>Motorun \u0130\u00e7 Di\u015flileri Tamam\u0131 ile Metal Ala\u015f\u0131mlardand\u0131r<\/p>\n<p>Soft Start \u2013 Stop \u00d6zelli\u011fi ile yumu\u015fak a\u00e7\u0131lma ve yumu\u015fak kapanma yapar \u00e7arpma yapmaz.<\/p>\n<p>Yana kayar bah\u00e7e kap\u0131lar\u0131 \u00f6zellikle geni\u015f giri\u015fler i\u00e7in ideal korumad\u0131r. Genellikle \u00e7it boyunca tek bir ray \u00fczerinde akan tek bir kanattan olu\u015furlar. Bah\u00e7e kap\u0131lar\u0131n\u0131z i\u00e7in kullanabilece\u011finiz Robus yana kayar bah\u00e7e kap\u0131s\u0131 motorudur.<\/p>\n<p>Daha a\u011f\u0131r veya uzun kap\u0131lar\u0131n\u0131z varsa yana kayar bah\u00e7e kap\u0131s\u0131 motorlar\u0131 men\u00fcm\u00fczden daha \u00fcst modelleri de inceleyebilirsiniz.<\/p>\n<p>&nbsp;<\/p>\n<p>&lt;iframe width=\u201d560\u2033 height=\u201d315\u2033 src=\u201dhttps:\/\/www.youtube.com\/embed\/UwbSPRcK2QI?si=FWsGEUhKxoeisbdk&amp;amp;start=1\u2033 title=\u201dYouTube video player\u201d frameborder=\u201d0\u2033 allow=\u201daccelerometer; autoplay; clipboard-write; encrypted-media; gyroscope; picture-in-picture; web-share\u201d referrerpolicy=\u201dstrict-origin-when-cross-origin\u201d allowfullscreen&gt;&lt;\/iframe&gt;<\/p>\n<p>TEKN\u0130K \u00d6ZELL\u0130KLER:<\/p>\n<p>&nbsp;<\/p>\n<p>\u2013 G\u00fc\u00e7 Kayna\u011f\u0131:\u00a0 \u00a0AC 220V, 50Hz<\/p>\n<p>\u2013 Motor H\u0131z\u0131:\u00a0 \u00a01400 r\/dk<\/p>\n<p>\u2013 Kap\u0131 Hareket H\u0131z\u0131:\u00a0 \u00a014 m\/dk (24 di\u015f) \u2013 11 m\/dk (19 di\u015f)<\/p>\n<p>\u2013 Kontrol \u00dcnitesi:\u00a0 \u00a0Elektronik Korumal\u0131 Sistem<\/p>\n<p>\u2013 \u00c7\u0131k\u0131\u015f Torku:\u00a0 \u00a018 Nm<\/p>\n<p>\u2013 \u00c7al\u0131\u015fma S\u00fcresi: 90 sn \u2013 16 Metredir<\/p>\n<p>\u2013 Limit Switch:\u00a0 \u00a0Yayl\u0131 Limit switch<\/p>\n<p>\u2013 Uzaktan Kumanda \u00c7al\u0131\u015fma Menzili:\u00a0 \u00a030 -200 m<\/p>\n<p>\u2013 Frekans:\u00a0 \u00a0433,92 MHz<\/p>\n<p>\u2013 Uzaktan Kumanda: 2li veya 4 tu\u015flu<\/p>\n<p>\u2013 Otomatik Kapanma:\u00a0 \u00a05-120 sn.<\/p>\n<p>\u2013 G\u00fcr\u00fclt\u00fc:\u00a0 \u226460 dB<\/p>\n<p>\u2013 Ortam S\u0131cakl\u0131\u011f\u0131:\u00a0 \u00a0-10\u2103\u00a0~\u00a0+50\u2103<\/p>\n<p>&nbsp;<\/p>\n<p>K\u0130T \u0130\u00c7ER\u0130\u011e\u0130:<\/p>\n<p>&nbsp;<\/p>\n<p>\u2013 1 Adet Robus F Serisi 800 Kap\u0131 Motoru<\/p>\n<p>\u2013 1 Tak\u0131m Emniyet Fotoseli<\/p>\n<p>\u2013 1 Adet\u00a0Fla\u015f\u00f6r Lamba<\/p>\n<p>\u2013 2 Adet\u00a0Uzaktan Kumanda<\/p>\n<p>\u2013 4 Metre Kramayer Kap\u0131 Di\u015flisi (Paslanmaz Kaplamal\u0131)<\/p>\n","protected":false},"excerpt":{"rendered":"<p>Robus F Serisi Yana Kayar Bah\u00e7e Kap\u0131s\u0131 Motoru \u00c7ok Dayan\u0131kl\u0131 ve Kuvvetli Robus Smart Ak\u0131ll\u0131 Kap\u0131 Motoru Wifi \u00fczerinden kontrol l\u00fc Kumanda yetkilendirme ve bir \u00e7ok \u00f6zellik bulut server \u00fczerinden&#8230;<\/p>\n","protected":false},"featured_media":10786,"template":"","meta":{"rank_math_lock_modified_date":false},"product_cat":[342],"product_tag":[],"class_list":{"0":"post-10785","1":"product","2":"type-product","3":"status-publish","4":"has-post-thumbnail","6":"product_cat-otomatik-kapi-ve-bariyer-sistemleri","8":"first","9":"instock","10":"shipping-taxable","11":"product-type-simple"},"_links":{"self":[{"href":"https:\/\/robussmart.com\/index.php\/wp-json\/wp\/v2\/product\/10785","targetHints":{"allow":["GET"]}}],"collection":[{"href":"https:\/\/robussmart.com\/index.php\/wp-json\/wp\/v2\/product"}],"about":[{"href":"https:\/\/robussmart.com\/index.php\/wp-json\/wp\/v2\/types\/product"}],"wp:featuredmedia":[{"embeddable":true,"href":"https:\/\/robussmart.com\/index.php\/wp-json\/wp\/v2\/media\/10786"}],"wp:attachment":[{"href":"https:\/\/robussmart.com\/index.php\/wp-json\/wp\/v2\/media?parent=10785"}],"wp:term":[{"taxonomy":"product_cat","embeddable":true,"href":"https:\/\/robussmart.com\/index.php\/wp-json\/wp\/v2\/product_cat?post=10785"},{"taxonomy":"product_tag","embeddable":true,"href":"https:\/\/robussmart.com\/index.php\/wp-json\/wp\/v2\/product_tag?post=10785"}],"curies":[{"name":"wp","href":"https:\/\/api.w.org\/{rel}","templated":true}]}}